{"id":75,"date":"2025-09-12T22:07:28","date_gmt":"2025-09-12T20:07:28","guid":{"rendered":"https:\/\/tatraskiacademy.local\/?page_id=75"},"modified":"2025-10-22T10:39:01","modified_gmt":"2025-10-22T08:39:01","slug":"tutoriale","status":"publish","type":"page","link":"https:\/\/tatraskiacademy.pro\/en\/tutoriale\/","title":{"rendered":"Tutorials"},"content":{"rendered":"<p>Discover our collection of skiing tutorials created by Tatra Ski Academy experts. Here you will find practical, step-by-step lessons and tips that will help you master skiing technique, slope safety, and much more.<\/p>\n\n\n\n<!--more-->","protected":false},"excerpt":{"rendered":"<p>Odkryj nasz\u0105 kolekcj\u0119 tutoriali narciarskich stworzonych przez ekspert\u00f3w Tatra Ski Academy. Znajdziesz tu praktyczne lekcje i wskaz\u00f3wki krok po kroku, [&hellip;]<\/p>\n","protected":false},"author":1,"featured_media":0,"parent":0,"menu_order":0,"comment_status":"closed","ping_status":"closed","template":"tutorials-page.php","meta":{"_acf_changed":false,"pgc_sgb_lightbox_settings":"","footnotes":""},"class_list":["post-75","page","type-page","status-publish","hentry"],"acf":[],"_links":{"self":[{"href":"https:\/\/tatraskiacademy.pro\/en\/wp-json\/wp\/v2\/pages\/75","targetHints":{"allow":["GET"]}}],"collection":[{"href":"https:\/\/tatraskiacademy.pro\/en\/wp-json\/wp\/v2\/pages"}],"about":[{"href":"https:\/\/tatraskiacademy.pro\/en\/wp-json\/wp\/v2\/types\/page"}],"author":[{"embeddable":true,"href":"https:\/\/tatraskiacademy.pro\/en\/wp-json\/wp\/v2\/users\/1"}],"replies":[{"embeddable":true,"href":"https:\/\/tatraskiacademy.pro\/en\/wp-json\/wp\/v2\/comments?post=75"}],"version-history":[{"count":3,"href":"https:\/\/tatraskiacademy.pro\/en\/wp-json\/wp\/v2\/pages\/75\/revisions"}],"predecessor-version":[{"id":418,"href":"https:\/\/tatraskiacademy.pro\/en\/wp-json\/wp\/v2\/pages\/75\/revisions\/418"}],"wp:attachment":[{"href":"https:\/\/tatraskiacademy.pro\/en\/wp-json\/wp\/v2\/media?parent=75"}],"curies":[{"name":"wp","href":"https:\/\/api.w.org\/{rel}","templated":true}]}}