{"id":41,"date":"2025-09-12T21:51:08","date_gmt":"2025-09-12T19:51:08","guid":{"rendered":"https:\/\/tatraskiacademy.local\/?page_id=41"},"modified":"2025-10-22T10:41:59","modified_gmt":"2025-10-22T08:41:59","slug":"typy-campow","status":"publish","type":"page","link":"https:\/\/tatraskiacademy.pro\/en\/campy\/typy-campow\/","title":{"rendered":"Types of camps"},"content":{"rendered":"<p>Our training camps are the perfect blend of serious training, fun, and a shared adventure on the slopes. We offer diverse programs tailored to the needs of families, women, and ambitious skiers. Choose the ideal camp for you!<\/p>\n\n\n\n<!--more-->\n\n\n        <section id=\"camp-types\" class=\"sec camp__types__section wp-block-woocommerce-product-categories-custom\">\n        \n            <div class=\"camp__types__cards-wrapper\">\n                                    <a href=\"https:\/\/tatraskiacademy.pro\/en\/product-category\/family-camp\/\">\n                        <div class=\"camp__types__card\">\n                            <div class=\"camp__types__card__image\">\n                                <img decoding=\"async\" src=\"https:\/\/tatraskiacademy.pro\/wp-content\/uploads\/2025\/09\/IMG_3140-scaled-e1759701838336.jpeg\" alt=\"Family Camp\" loading=\"lazy\">\n                            <\/div>\n                            <span class=\"camp__types__cta-btn-arrow\">\n                                <span>\n                                    <svg viewbox=\"0 0 18 18\" fill=\"none\" xmlns=\"http:\/\/www.w3.org\/2000\/svg\">\n                                        <path d=\"M4.5 9H13.5M13.5 9L9.75 5.25M13.5 9L9.75 12.75\" stroke-width=\"1.5\" stroke-linecap=\"round\" stroke-linejoin=\"round\" \/>\n                                    <\/svg>\n                                <\/span>\n                            <\/span>\n                            <div class=\"camp__types__card__content\">\n                                <h3 class=\"camp__types__card__title\">\n                                    Family Camp                                <\/h3>\n                                <p class=\"camp__types__card__text\">\n                                    enjoy adventures on the slopes together, age- and skill-appropriate training, and plenty of fun off the slopes.                                <\/p>\n                            <\/div>\n                        <\/div>\n                    <\/a>\n                                    <a href=\"https:\/\/tatraskiacademy.pro\/en\/product-category\/ladies-camp\/\">\n                        <div class=\"camp__types__card\">\n                            <div class=\"camp__types__card__image\">\n                                <img decoding=\"async\" src=\"https:\/\/tatraskiacademy.pro\/wp-content\/uploads\/2025\/09\/IMG_3177-scaled.jpeg\" alt=\"Ladies Camp\" loading=\"lazy\">\n                            <\/div>\n                            <span class=\"camp__types__cta-btn-arrow\">\n                                <span>\n                                    <svg viewbox=\"0 0 18 18\" fill=\"none\" xmlns=\"http:\/\/www.w3.org\/2000\/svg\">\n                                        <path d=\"M4.5 9H13.5M13.5 9L9.75 5.25M13.5 9L9.75 12.75\" stroke-width=\"1.5\" stroke-linecap=\"round\" stroke-linejoin=\"round\" \/>\n                                    <\/svg>\n                                <\/span>\n                            <\/span>\n                            <div class=\"camp__types__card__content\">\n                                <h3 class=\"camp__types__card__title\">\n                                    Ladies Camp                                <\/h3>\n                                <p class=\"camp__types__card__text\">\n                                    enjoy a close-knit setting, expert training, and an active lifestyle among like-minded participants.                                <\/p>\n                            <\/div>\n                        <\/div>\n                    <\/a>\n                                    <a href=\"https:\/\/tatraskiacademy.pro\/en\/product-category\/performance-camp\/\">\n                        <div class=\"camp__types__card\">\n                            <div class=\"camp__types__card__image\">\n                                <img decoding=\"async\" src=\"https:\/\/tatraskiacademy.pro\/wp-content\/uploads\/2025\/09\/IMG_345564.png\" alt=\"Performance Camp\" loading=\"lazy\">\n                            <\/div>\n                            <span class=\"camp__types__cta-btn-arrow\">\n                                <span>\n                                    <svg viewbox=\"0 0 18 18\" fill=\"none\" xmlns=\"http:\/\/www.w3.org\/2000\/svg\">\n                                        <path d=\"M4.5 9H13.5M13.5 9L9.75 5.25M13.5 9L9.75 12.75\" stroke-width=\"1.5\" stroke-linecap=\"round\" stroke-linejoin=\"round\" \/>\n                                    <\/svg>\n                                <\/span>\n                            <\/span>\n                            <div class=\"camp__types__card__content\">\n                                <h3 class=\"camp__types__card__title\">\n                                    Performance Camp                                <\/h3>\n                                <p class=\"camp__types__card__text\">\n                                    Profesjonalne szkolenie techniki jazdy dla narciarzy, kt\u00f3rzy chc\u0105 szybko podnie\u015b\u0107 sw\u00f3j poziom i poczu\u0107 pe\u0142n\u0105 kontrol\u0119 na stoku.\r\nDla doros\u0142ych (+18) \u2013 intensywny trening, \u015bwietna zabawa i pe\u0142na frajda z jazdy w sportowym klimacie.                                <\/p>\n                            <\/div>\n                        <\/div>\n                    <\/a>\n                            <\/div>\n\n                <\/section>","protected":false},"excerpt":{"rendered":"<p>Nasze campy to idealne po\u0142\u0105czenie treningu, zabawy i wsp\u00f3lnej przygody na stoku. Oferujemy r\u00f3\u017cnorodne programy dostosowane do potrzeb rodzin, kobiet [&hellip;]<\/p>\n","protected":false},"author":1,"featured_media":0,"parent":169,"menu_order":0,"comment_status":"closed","ping_status":"closed","template":"camp-types.php","meta":{"_acf_changed":false,"pgc_sgb_lightbox_settings":"","footnotes":""},"class_list":["post-41","page","type-page","status-publish","hentry"],"acf":[],"_links":{"self":[{"href":"https:\/\/tatraskiacademy.pro\/en\/wp-json\/wp\/v2\/pages\/41","targetHints":{"allow":["GET"]}}],"collection":[{"href":"https:\/\/tatraskiacademy.pro\/en\/wp-json\/wp\/v2\/pages"}],"about":[{"href":"https:\/\/tatraskiacademy.pro\/en\/wp-json\/wp\/v2\/types\/page"}],"author":[{"embeddable":true,"href":"https:\/\/tatraskiacademy.pro\/en\/wp-json\/wp\/v2\/users\/1"}],"replies":[{"embeddable":true,"href":"https:\/\/tatraskiacademy.pro\/en\/wp-json\/wp\/v2\/comments?post=41"}],"version-history":[{"count":4,"href":"https:\/\/tatraskiacademy.pro\/en\/wp-json\/wp\/v2\/pages\/41\/revisions"}],"predecessor-version":[{"id":419,"href":"https:\/\/tatraskiacademy.pro\/en\/wp-json\/wp\/v2\/pages\/41\/revisions\/419"}],"up":[{"embeddable":true,"href":"https:\/\/tatraskiacademy.pro\/en\/wp-json\/wp\/v2\/pages\/169"}],"wp:attachment":[{"href":"https:\/\/tatraskiacademy.pro\/en\/wp-json\/wp\/v2\/media?parent=41"}],"curies":[{"name":"wp","href":"https:\/\/api.w.org\/{rel}","templated":true}]}}